{"id":1705,"date":"2026-02-18T14:32:07","date_gmt":"2026-02-18T13:32:07","guid":{"rendered":"https:\/\/www.2arquitectos.com\/estudio\/"},"modified":"2026-04-16T14:24:02","modified_gmt":"2026-04-16T12:24:02","slug":"studio","status":"publish","type":"page","link":"https:\/\/www.2arquitectos.com\/en\/studio\/","title":{"rendered":"Studio"},"content":{"rendered":"<h1>Studio<\/h1>\n<p><img decoding=\"async\" src=\"\/wp-content\/uploads\/arquitectura-2arquitectos-1.jpg\" alt=\"arquitectura 2arquitectos 1\"><br \/>\n<img decoding=\"async\" src=\"\/wp-content\/uploads\/unnamed-1.jpg\" alt=\"unnamed\"><\/p>\n<div>\n<p><span style=\"font-weight: 400;\">Sergio Olaz\u00e1bal del Solar<\/span><\/p>\n<p><span style=\"font-weight: 400;\">Leticia Basail de Torres-Solanot<\/span><\/p>\n<p>Natalia Visedo Ceballos<\/p>\n<p><span style=\"font-weight: 400;\">Roc\u00edo Arvilla de Caralt<\/span><\/p>\n<p>Esperanza Garc\u00eda Ruiz<\/p>\n<p><span style=\"font-weight: 400;\">Jon Moreno Gargallo<\/span><\/p>\n<p>_____________<\/p>\n<p><b>Location:\u00a0<\/b><\/p>\n<\/p>\n<p><span style=\"font-weight: 400;\">Calle Pradillo 14<\/span><\/p>\n<\/p>\n<p><span style=\"font-weight: 400;\">Madrid<\/span><\/p>\n<p>_____________<\/p>\n<p><b>Contact:\u00a0<\/b><\/p>\n<p>olazabal@2arquitectos.com<\/p>\n<\/p>\n<\/div>\n<p><!--more--><br \/>\n<!-- {\"type\":\"layout\",\"children\":[{\"type\":\"section\",\"props\":{\"animation\":\"fade\",\"animation_delay\":\"250\",\"image_position\":\"center-center\",\"padding_top\":\"small\",\"style\":\"default\",\"title_breakpoint\":\"xl\",\"title_position\":\"top-left\",\"title_rotation\":\"left\",\"vertical_align\":\"middle\",\"width\":\"expand\"},\"children\":[{\"type\":\"row\",\"children\":[{\"type\":\"column\",\"props\":{\"image_position\":\"center-center\",\"position_sticky_breakpoint\":\"m\"},\"children\":[{\"type\":\"headline\",\"props\":{\"animation\":\"slide-bottom-small\",\"content\":\"Studio\",\"image_align\":\"left\",\"image_margin\":\"xsmall\",\"text_align\":\"center\",\"title_color\":\"emphasis\",\"title_element\":\"h1\",\"title_style\":\"heading-small\"}}]}]}]},{\"type\":\"section\",\"props\":{\"animation\":\"fade\",\"animation_delay\":\"250\",\"image_position\":\"center-center\",\"padding_bottom\":\"none\",\"padding_top\":\"none\",\"style\":\"default\",\"title_breakpoint\":\"xl\",\"title_position\":\"top-left\",\"title_rotation\":\"left\",\"vertical_align\":\"middle\",\"width\":\"\"},\"children\":[{\"type\":\"row\",\"props\":{\"column_gap\":\"small\",\"layout\":\"1-2,1-2\",\"margin_bottom\":\"remove\",\"row_gap\":\"small\"},\"children\":[{\"type\":\"column\",\"props\":{\"image_position\":\"center-center\",\"position_sticky_breakpoint\":\"m\",\"width_default\":\"1-2\",\"width_medium\":\"1-2\"},\"children\":[{\"type\":\"image\",\"props\":{\"image\":\"wp-content\/uploads\/arquitectura-2arquitectos-1.jpg\",\"image_alt\":\"arquitectura 2arquitectos 1\",\"image_svg_color\":\"emphasis\",\"margin_bottom\":\"default\",\"margin_top\":\"default\"}}]},{\"type\":\"column\",\"props\":{\"image_position\":\"center-center\",\"position_sticky_breakpoint\":\"m\",\"width_default\":\"1-2\",\"width_medium\":\"1-2\"},\"children\":[{\"type\":\"image\",\"props\":{\"image\":\"wp-content\/uploads\/unnamed-1.jpg\",\"image_alt\":\"unnamed\",\"image_svg_color\":\"emphasis\",\"margin_bottom\":\"default\",\"margin_top\":\"default\"}}]}]},{\"type\":\"row\",\"props\":{\"margin_top\":\"remove\"},\"children\":[{\"type\":\"column\",\"props\":{\"image_position\":\"center-center\",\"position_sticky_breakpoint\":\"m\"}}]}]},{\"type\":\"section\",\"props\":{\"animation\":\"fade\",\"animation_delay\":\"250\",\"image_position\":\"center-center\",\"padding_bottom\":\"none\",\"style\":\"default\",\"title_breakpoint\":\"xl\",\"title_position\":\"top-left\",\"title_rotation\":\"left\",\"vertical_align\":\"middle\",\"width\":\"default\"},\"children\":[{\"type\":\"row\",\"children\":[{\"type\":\"column\",\"props\":{\"image_position\":\"center-center\",\"position_sticky_breakpoint\":\"m\"},\"children\":[{\"type\":\"text\",\"props\":{\"block_align\":\"center\",\"column_breakpoint\":\"m\",\"content\":\"\n\n\n\n\\n\n\n<p><span style=\\\"font-weight: 400;\\\">Sergio Olaz\u00e1bal del Solar<\/span><\/p>\n\n\\n\n\n<p><span style=\\\"font-weight: 400;\\\">Leticia Basail de Torres-Solanot<\/span><\/p>\n\n\\n\n\n<p>Natalia Visedo Ceballos<\/p>\n\n\\n\n\n<p><span style=\\\"font-weight: 400;\\\">Roc\u00edo Arvilla de Caralt<\/span><\/p>\n\n\\n\n\n<p>Esperanza Garc\u00eda Ruiz<\/p>\n\n\\n\n\n<p><span style=\\\"font-weight: 400;\\\">Jon Moreno Gargallo<\/span><\/p>\n\n\\n\n\n<p>_____________<\/p>\n\n\\n\n\n<p><b>Location:\u00a0<\/b><\/p>\n\n\\n\n\n\n\n\\n\n\n<p><span style=\\\"font-weight: 400;\\\">Calle Pradillo 14<\/span><\/p>\n\n\\n\n\n\n\n\\n\n\n<p><span style=\\\"font-weight: 400;\\\">Madrid<\/span><\/p>\n\n\\n\n\n<p>_____________<\/p>\n\n\\n\n\n<p><b>Contact:\u00a0<\/b><\/p>\n\n\\n\n\n<p>olazabal@2arquitectos.com<\/p>\n\n\\n\n\n\n\n\\n\n\n\n\n\",\"margin_bottom\":\"default\",\"margin_top\":\"small\",\"maxwidth\":\"large\",\"text_align\":\"center\",\"text_style\":\"lead\"}}]}]}]}],\"version\":\"5.0.17\"} --><\/p>\n","protected":false},"excerpt":{"rendered":"<p>Studio Sergio Olaz\u00e1bal del Solar Leticia Basail de Torres-Solanot Natalia Visedo Ceballos Roc\u00edo Arvilla de Caralt Esperanza Garc\u00eda Ruiz Jon Moreno Gargallo _____________ Location:\u00a0 Calle Pradillo 14 Madrid _____________ Contact:\u00a0 olazabal@2arquitectos.com<\/p>\n","protected":false},"author":4,"featured_media":0,"parent":0,"menu_order":0,"comment_status":"closed","ping_status":"closed","template":"","meta":{"_acf_changed":false,"_seopress_robots_primary_cat":"","_seopress_titles_title":"Studio %%sep%% %%sitetitle%%","_seopress_titles_desc":"2arquitectos is an architecture and interior design studio based in Madrid. Founded in 2005, its goal is to develop projects with careful attention to detail, design, and materials.","_seopress_robots_index":"","footnotes":""},"class_list":["post-1705","page","type-page","status-publish"],"acf":[],"_links":{"self":[{"href":"https:\/\/www.2arquitectos.com\/en\/wp-json\/wp\/v2\/pages\/1705","targetHints":{"allow":["GET"]}}],"collection":[{"href":"https:\/\/www.2arquitectos.com\/en\/wp-json\/wp\/v2\/pages"}],"about":[{"href":"https:\/\/www.2arquitectos.com\/en\/wp-json\/wp\/v2\/types\/page"}],"author":[{"embeddable":true,"href":"https:\/\/www.2arquitectos.com\/en\/wp-json\/wp\/v2\/users\/4"}],"replies":[{"embeddable":true,"href":"https:\/\/www.2arquitectos.com\/en\/wp-json\/wp\/v2\/comments?post=1705"}],"version-history":[{"count":4,"href":"https:\/\/www.2arquitectos.com\/en\/wp-json\/wp\/v2\/pages\/1705\/revisions"}],"predecessor-version":[{"id":1709,"href":"https:\/\/www.2arquitectos.com\/en\/wp-json\/wp\/v2\/pages\/1705\/revisions\/1709"}],"wp:attachment":[{"href":"https:\/\/www.2arquitectos.com\/en\/wp-json\/wp\/v2\/media?parent=1705"}],"curies":[{"name":"wp","href":"https:\/\/api.w.org\/{rel}","templated":true}]}}